{"id":961,"date":"2022-03-05T18:15:31","date_gmt":"2022-03-05T18:15:31","guid":{"rendered":"https:\/\/traildeer.com\/?post_type=product&#038;p=961"},"modified":"2022-08-29T06:05:51","modified_gmt":"2022-08-29T06:05:51","slug":"explore-the-3-country-mtb-paradise-nauders-serfaus-fis-ladis","status":"publish","type":"product","link":"https:\/\/traildeer.com\/sk\/produkt\/explore-the-3-country-mtb-paradise-nauders-serfaus-fis-ladis\/","title":{"rendered":"<br> MTB raj v trojhrani\u010d\u00ed <br> Nauders &#038; Serfaus, AT"},"content":{"rendered":"<p><span style=\"color: #333333;\">Bol si u\u017e v najob\u013e\u00fabenej\u0161\u00edch destin\u00e1ci\u00e1ch v Eur\u00f3pe a chcel by si sk\u00fasi\u0165 nie\u010do naozaj \u0161peci\u00e1lne? Dve skv\u00e9le MTB lokality - Nauders\/Reschen na trojhrani\u010d\u00ed AT, IT, CH &amp; Serfaus Fis Ladis, AT pon\u00fakaj\u00fa mno\u017estvo jedine\u010dn\u00fdch trailov bez \u0161lapania v\u010faka lanovk\u00e1m. Prv\u00e9 2 dni str\u00e1vime jazdou po najlep\u0161\u00edch trailoch v trojstredisku Serfaus Fis Ladis a potom sa vyberieme k jazeru Reschen do Nauders Reschen na \u010fal\u0161ie 3 dni jazdenia. Tu si naplno vychutn\u00e1me pr\u00edrodn\u00e9 traily tejto oblasti a z\u00e1rove\u0148 budeme ma\u0165 mo\u017enos\u0165 si jeden de\u0148 trochu odd\u00fdchnu\u0165 pri jazere \u010di u\u017e na paddle boarde, kite surfe alebo len tak sa \u010dvachta\u0165 pri jazere.<\/span><\/p>\n<p><span style=\"color: #333333;\"><strong>Serfaus Fis Ladis<\/strong><\/span><br \/>\n<span style=\"font-size: 14.4px; color: #333333;\">Podobne ako Paganella v Taliansku, t\u00e1to rak\u00faska cyklistick\u00e1 destin\u00e1cia sa sklad\u00e1 z troch r\u00f4znych miest, ktor\u00e9 s\u00fa obklopen\u00e9 kr\u00e1snymi horami poprep\u00e1jan\u00e9 vlekmi. Vo Fise je plnohodnotn\u00fd bike park s 9 trasami od zelenej a\u017e po \u010diernu. Traily sa pohybuj\u00fa medzi 300 m a\u017e 2,5 km, tak\u017ee u\u017e samotn\u00fd bike park by \u010dlovek mohol jazdi\u0165 viacero dn\u00ed. Tento bike park je dobre vyv\u00e1\u017een\u00fd \u010do sa druhu jazdenia t\u00fdka s r\u00fdchlymi trailami zameran\u00fdmi na r\u00fdchlos\u0165 a sk\u00e1kanie, ako aj t\u00fdmi pr\u00edrodn\u00fdmi, ako s\u00fa napr\u00edklad Supernatural 1 a 2. Ved\u013ea lanovky sa tu nach\u00e1dza aj skvel\u00fd skill park s dropmi s postupnos\u0165ou od mal\u00fdch a\u017e po ve\u013ek\u00e9, \u010do je ide\u00e1lne na vyladenie techniky dropovania v kontrolovan\u00fdch podmienkach. Je tu aj nieko\u013eko \u010fal\u0161\u00edch zauj\u00edmav\u00fdch prvkov, ako je ve\u013eryb\u00ed chvost - wale tail a ve\u013ek\u00e1 hojda\u010dka ako aj viacero zauj\u00edmav\u00fdch dreven\u00fdch skokov. K\u013e\u00fa\u010dovou atrakciou v Serfaus Fis Ladis ale op\u00e4\u0165 nie s\u00fa traily v Bike Parku, ale tie vy\u0161\u0161ie v hor\u00e1ch. Nie s\u00fa to len ve\u013emi z\u00e1bavn\u00e9 pr\u00edrodn\u00e9 traily, no poskytuj\u00fa aj jedine\u010dn\u00e9 v\u00fdh\u013eady na okolit\u00fa pr\u00edrodu a hory. N\u00e1jdeme tu \u010fal\u0161\u00edch 8 trailov prepojen\u00fdch spolu 7 r\u00f4znymi vlekmi, tak\u017ee sa \u0161lapania b\u00e1\u0165 nemus\u00edme. P\u00f4jdeme pekne postupne \u010do sa t\u00fdka obtia\u017enosti, aby sme sa dostali do formy a postupne budeme zvy\u0161ova\u0165 \u2013 s\u00fa len dve \u010dierne, ostatn\u00e9 s\u00fa v\u00e4\u010d\u0161inou \u010derven\u00e9 a modr\u00e9, tak\u017ee je v\u00fdlet vhodn\u00fd aj pre mierne \u010di stredne pokro\u010dil\u00fdch.<\/span><\/p>\n<p><span style=\"color: #333333;\"><strong>Nauders &amp; Reschen Pass<\/strong><\/span><br \/>\n<span style=\"color: #333333;\">V pr\u00edpade Nauders ide o na\u0161u 2. najob\u013e\u00fabenej\u0161iu lokalitu z h\u013eadiska MTB v\u00f4bec, \u010do nehovor\u00edme len tak pre ni\u010d za ni\u010d. 3 L\u00e4nder Enduro alebo po slovensky enduro v troch krajin\u00e1ch je v\u00fdlet, pre ktor\u00fd je t\u00e1to oblas\u0165 najzn\u00e1mej\u0161ia. Stret\u00e1va sa tu Rak\u00fasko, \u0160vaj\u010diarsko a Taliansko a za jeden de\u0148 m\u00f4\u017ee\u0161 za\u017ei\u0165 fantastick\u00fa jazdu a vst\u00fapi\u0165 do ka\u017edej z nich. V skuto\u010dnosti tu s\u00fa 4 r\u00f4zne stredisk\u00e1, v\u0161etky v r\u00e1mci dojazdu bajkom, tak\u017ee na presun nemus\u00edte bra\u0165 auto. Na rak\u00faskej strane v Nauders s\u00fa dve r\u00f4zne stanice. Mutzkopf s 3 r\u00f4znymi tralami, hoci horn\u00e9 a spodn\u00e9 s\u00fa pomenovan\u00e9 inak (a teda ofici\u00e1lne ich je 6) v praxi to znamen\u00e1 viac mo\u017enost\u00ed ako z\u00eds\u0165 trail. V\u0161etky v\u0161ak ved\u00fa sp\u00e4\u0165 k lanovke. Je to skvel\u00e9 miesto na za\u010diatok alebo na de\u0148 odpo\u010dinku, preto\u017ee je to ve\u013emi bl\u00edzko mesta Nauders, kde budeme ubytovan\u00ed. V Bergkastel na druhom mieste v Nauders s\u00fa len 2 samostatn\u00e9 traily, rovnako pomenovan\u00e1 trasa, ktor\u00e1 vedie sp\u00e4\u0165 k lanovke a druh\u00e1 trail Plamort prech\u00e1dzaj\u00faci na taliansku stranu, ktor\u00fd sa sp\u00e1ja s legend\u00e1rnym bunker trailom. Tu p\u00f4jdeme popri bunkroch, uvid\u00edme aj pozostatky obrany hran\u00edc z 2. svetovej vojny a napoj\u00edme sa na Etsch trail, ktor\u00fd n\u00e1s privedie do kr\u00e1sneho meste\u010dka Reschen. Presne oproti je lanovka Schoeneben s nieko\u013ek\u00fdmi z\u00e1bavn\u00fdmi trailami ako Spin alebo zase rovnomenn\u00fd Schoeneben. Odtia\u013e k\u00fasok pre\u0161lapeme k poslednej stanici lanovky tu v Nauders\/Reschen, ktor\u00e1 sa naz\u00fdva Haideralm. Nach\u00e1dza sa tu n\u00e1\u0161 najob\u013e\u00fabenej\u0161\u00ed a z\u00e1rove\u0148 asi naj\u0165a\u017e\u0161\u00ed trail cel\u00e9ho v\u00fdletu op\u00e4\u0165 s rovnak\u00fdm n\u00e1zvom. Ide o ve\u013emi technick\u00fd, ale ve\u013emi z\u00e1bavn\u00fd trail, ktor\u00fd chytil na\u0161e MTB srdce za golier a \u0165ah\u00e1 n\u00e1s aj tento rok sp\u00e4\u0165.<\/span><\/p>\n<p><span style=\"color: #333333;\">Aby sme uzavreli enduro cez tri krajiny, vr\u00e1time sa sp\u00e4\u0165 do Nauders smerom na \u0161vaj\u010diarske meste\u010dko Martina, a ak budeme vl\u00e1da\u0165 m\u00f4\u017eeem si pred\u013a\u017ei\u0165 v\u00fdlet aj o p\u00e1r trailov vo \u0160vaj\u010diarsku.<\/span><\/p>\n<p><span style=\"color: #333333;\">Cel\u00fd v\u00fdlet pon\u00faka viac ne\u017e dos\u0165 trailov na 4-5 dn\u00ed jazdenia, ale ak by n\u00e1m nesta\u010dilo m\u00f4\u017eeme s jedn\u00fdm z miestnych sprievodcov vybehn\u00fa\u0165 na celodenn\u00fa t\u00faro hlb\u0161ie do h\u00f4r, aby sme za\u017eili \u010do pon\u00fakaj\u00fa aj menej zn\u00e1me traily v okol\u00ed.<\/span><\/p>","protected":false},"excerpt":{"rendered":"<p>Presk\u00famaj s nami jedine\u010dn\u00fa destin\u00e1ciu s t\u00fdm najlep\u0161\u00edm jazden\u00edm v Rak\u00fasku, Taliansku a \u0160vaj\u010diarsku v jednom<\/p>\n<p>Obtia\u017enos\u0165: Stredne pokro\u010dil\u00e1 a\u017e pokro\u010dil\u00e1<br \/>\nTrvanie: 6 noc\u00ed a 4-5 dn\u00ed jazdenia<br \/>\nMinimum: 5 jazdcov aby sa v\u00fdlet konal<br \/>\n*Pozri z\u00e1lo\u017eku Z\u013eavy pre skupinov\u00e9 ceny<\/p>","protected":false},"featured_media":974,"template":"","meta":{"_monsterinsights_skip_tracking":false,"_monsterinsights_sitenote_active":false,"_monsterinsights_sitenote_note":"","_monsterinsights_sitenote_category":0},"product_cat":[96,33,70,108],"product_tag":[76,77,79,78,83,80,81,82],"acf":[],"aioseo_notices":[],"_links":{"self":[{"href":"https:\/\/traildeer.com\/sk\/wp-json\/wp\/v2\/product\/961"}],"collection":[{"href":"https:\/\/traildeer.com\/sk\/wp-json\/wp\/v2\/product"}],"about":[{"href":"https:\/\/traildeer.com\/sk\/wp-json\/wp\/v2\/types\/product"}],"wp:featuredmedia":[{"embeddable":true,"href":"https:\/\/traildeer.com\/sk\/wp-json\/wp\/v2\/media\/974"}],"wp:attachment":[{"href":"https:\/\/traildeer.com\/sk\/wp-json\/wp\/v2\/media?parent=961"}],"wp:term":[{"taxonomy":"product_cat","embeddable":true,"href":"https:\/\/traildeer.com\/sk\/wp-json\/wp\/v2\/product_cat?post=961"},{"taxonomy":"product_tag","embeddable":true,"href":"https:\/\/traildeer.com\/sk\/wp-json\/wp\/v2\/product_tag?post=961"}],"curies":[{"name":"wp","href":"https:\/\/api.w.org\/{rel}","templated":true}]}}