{"id":942,"date":"2022-03-09T17:21:12","date_gmt":"2022-03-09T17:21:12","guid":{"rendered":"https:\/\/traildeer.com\/?post_type=product&#038;p=942"},"modified":"2022-08-29T06:05:26","modified_gmt":"2022-08-29T06:05:26","slug":"the-legendary-rides-in-italy-livigno-bernina-bormio","status":"publish","type":"product","link":"https:\/\/traildeer.com\/sk\/produkt\/the-legendary-rides-in-italy-livigno-bernina-bormio\/","title":{"rendered":"<br> Legend\u00e1rne traily Talianska <br>  Livigno, Bernina &#038; Bormio, IT"},"content":{"rendered":"<p><span style=\"color: #333333;\">V Eur\u00f3pe existuje len m\u00e1lo MTB destin\u00e1ci\u00ed tak zn\u00e1mych ako talianske Livigno. Hoci je asi najzn\u00e1mej\u0161ie v\u010faka svojim dvom bike parkom Mottolino a Carousello 3000, ktor\u00e9 sa nach\u00e1dzaj\u00fa na opa\u010dn\u00fdch stran\u00e1ch samotn\u00e9ho meste\u010dka, pr\u00edrodn\u00e9 traily naokolo Livigna s\u00fa aspo\u0148 pod\u013ea n\u00e1s e\u0161te atrakt\u00edvnej\u0161ie. Str\u00e1vime tu 4-5 dn\u00ed jazden\u00edm, po\u010das ktor\u00fdch vystriedame oba bike parky, celodenn\u00fa enduro tour na Berninu alebo Stelvio (v z\u00e1vislosti od podmienok) a nav\u0161t\u00edvime aj na\u0161e najob\u013e\u00fabenej\u0161ie miesto Bormio, ktor\u00e9 n\u00e1s lanovka vezme do v\u00fd\u0161ky 3000 m, a odtia\u013e p\u00f4jdeme a\u017e dolu do Santa Catariny kde bude v\u00fdlet pokra\u010dova\u0165.<\/span><\/p>\n<p class=\" translation-block\">Bike park Mottolino<br>\nAk by sme h\u013eadali jedin\u00e9 miesto, kde naozaj ka\u017ed\u00fd bajker n\u00e1jde pre seba ide\u00e1lnu tra\u0165 \u010do sa \u00farovne jazdenia t\u00fdka, potom je Mottolino pravdepodobne jednou z najlep\u0161\u00edch. S 14 tra\u0165ami ka\u017edej obtia\u017enosti, od komplet pr\u00edrodn\u00fdch trailov so v\u0161etk\u00fdm, \u010do by enduro malo obsahova\u0165, cez \u010dlovekom vytvoren\u00e9 traily v bike parkovom \u0161t\u00fdle s dreven\u00fdmi l\u00e1vkami v\u0161etk\u00fdch ve\u013ekost\u00ed, kopcom dropov od najmen\u0161\u00edch po obrovsk\u00e9, ve\u013eryb\u00edm chvostom a naozaj ve\u013ek\u00fdm po\u010dtom lav\u00edc na sk\u00e1kanie je Mottolino splnen\u00fd sen ka\u017ed\u00e9ho bajkera. Park ur\u010dite stoj\u00ed za aspo\u0148 2 dni jazdenia, aby si mohol trate spozna\u0165 a n\u00e1sledne si ich u\u017ei\u0165 naplno.<\/p>\n<p><span style=\"color: #333333;\">Carousello Bike Park<\/span><br \/>\n<span style=\"color: #333333;\">Carousello 3000 nebolo p\u00f4vodne postaven\u00e9 ako bike park, ale postupne sa \u0148ho men\u00ed s moment\u00e1lne 12 trailami, z ktor\u00fdch v\u00e4\u010d\u0161inu tvoria tie panoramatick\u00e9 s kr\u00e1snymi v\u00fdh\u013eadmi na okolit\u00e9 hory. V posledn\u00fdch rokoch sem pribudli aj nov\u00e9 flow traily s mnoh\u00fdmi lavicami, ktor\u00e9 s\u00fa ide\u00e1lne pre t\u00fdch, ktor\u00ed miluj\u00fa r\u00fdchlos\u0165 a sk\u00e1kanie. Bomb trail je jedin\u00fdm \u010diernym technick\u00fdm trailom, ktor\u00fd v Caroussello n\u00e1jdeme. Aj ke\u010f v\u00e4\u010d\u0161ina tohto trailu bola postaven\u00e1 \u00fa\u010delovo aby sa aj Carouseello mohlo pop\u00fd\u0161i\u0165 technick\u00fdm trailom, je treba poveda\u0165, \u017ee je naozaj jedine\u010dn\u00fd, zna\u010dne n\u00e1ro\u010dn\u00fd a niektor\u00e9 \u010dasti s\u00fa ozaj unik\u00e1tne.<\/span><\/p>\n<p><span style=\"color: #333333;\">Bormio &amp; Santa Caterina<\/span><br \/>\n<span style=\"color: #333333;\">Bormio a Santa Caterina\nAk n\u00e1s sleduje\u0161 u\u017e nejak\u00fd \u010das, vie\u0161, \u017ee Bormio je zatia\u013e na\u0161a naobl\u00fabenej\u0161ia destin\u00e1cia na jednod\u0148ov\u00fd v\u00fdlet, ktor\u00fd sme zatia\u013e za\u017eili, a to hovor\u00ed ve\u013ea. Najprv sa dostaneme lanovkou do medzistanice odkia\u013e sa nalo\u017e\u00edme na historick\u00fa lanovku, ktor\u00e1 n\u00e1s vyvezie a\u017e na vrchol. Odtia\u013e si u\u017eijeme jeden z najfantastickej\u0161\u00edch v\u00fdletov v\u00f4bec. Cestou doli sa stretneme s najr\u00f4znej\u0161\u00edmi ter\u00e9nmi od mesa\u010dnej krajiny \u010disto pokrytej skalami, cez n\u00e1dhern\u00e9 l\u00faky bohat\u00e9 na kvety, mal\u00e9 az\u00farov\u00e9 jazierka a\u017e po bujn\u00fd les pre \u010d\u00edru rados\u0165 z pr\u00edrody a jazdy v nej. Obed si d\u00e1me v Santa Caterine, odkia\u013e n\u00e1s lanovka vyvezie hore na vrchol a pospozn\u00e1vame tunaj\u0161ie naozaj kr\u00e1sne pr\u00edrodn\u00e9 traily.<\/span><\/p>\n<p><span style=\"color: #333333;\">Bernina<\/span><br \/>\n<span style=\"color: #333333;\">Obrovsk\u00e9 pohorie medzi Lombardiou a \u0160vaj\u010diarskom s vrcholom Bernina 4049 m.n.m. bude posledn\u00e1 n\u00e1v\u0161teva na tomto bajkovom v\u00fdlete. Na\u0161i lok\u00e1lni sprievodcovia n\u00e1s pomocou dod\u00e1vok povezu na vrchol celkom 3-kr\u00e1t, aby sme minimalizovali \u0161lapanie (asi 500 v\u00fd\u0161kov\u00fdch) a namiesto toho si u\u017eili \u00fachvatn\u00e9 v\u00fdh\u013eady, ktor\u00e9 Bernina pon\u00faka. Pri na\u0161om zjazde Bernina trailom sa m\u00f4\u017ee\u0161 te\u0161i\u0165 na panoramatick\u00e9 v\u00fdh\u013eady spojen\u00e9 s technickou jazdou na vrchole a r\u00fdchlej\u0161\u00edmi z\u00e1bavnej\u0161\u00edmi trailami, ke\u010f sa dostaneme ni\u017e\u0161ie. Tra\u0165 Col d'Anzana je technicky pomerne n\u00e1ro\u010dn\u00e1 s mnoh\u00fdmi switchbackmi, strm\u00fdmi \u00fasekmi a mno\u017estvom pr\u00edrodn\u00fdch prek\u00e1\u017eok, ktor\u00e9 silno preveria na\u0161u \u00farove\u0148 techniky.<\/span><\/p>\n<p><span style=\"color: #333333;\">V\u00fdlet bude zah\u0155\u0148a\u0165 ubytovanie na 6 noc\u00ed, l\u00edstky na vleky po\u010das z\u00e1jazdu, sprev\u00e1dzanie nami v oboch bike parkoch a Bormiu, ako aj lok\u00e1lneho sprievodcu a dod\u00e1vku na na\u0161ej tour na Berninu. Jazdi\u0165 budeme 4-5 dn\u00ed pod\u013ea preferenci\u00ed a s\u00edl.<\/span><\/p>","protected":false},"excerpt":{"rendered":"<p><span style=\"color: #333333;\">Pridaj sa k n\u00e1m na nezabudnute\u013en\u00fd bajkov\u00fd v\u00fdlet do jednej z naj\u00fa\u017easnej\u0161\u00edch MTB lokal\u00edt v Eur\u00f3pe \u2013 2 dni v bikeparkoch v Livignu - Motolino &amp; Carousello a 2 dni v alpskom \u0161t\u00fdle na Stelvio a Bormio<\/span><\/p>\n<p><span style=\"color: #333333;\"><strong>Obtia\u017enos\u0165:<\/strong> stredne pokro\u010dil\u00fd a\u017e pokro\u010dil\u00fd<\/span><br \/>\n<span style=\"color: #333333;\"><strong>Trvanie:<\/strong> 7 noc\u00ed a 4-5 dn\u00ed jazdenia<\/span><br \/>\n<span style=\"color: #333333;\"><strong>Minimum:<\/strong> 4 jazdci aby sa v\u00fdlet konal<\/span><br \/>\n<span style=\"color: #333333;\">*Pozri z\u00e1lo\u017eku Z\u013eavy pre skupinov\u00e9 ceny<\/span><\/p>","protected":false},"featured_media":943,"template":"","meta":{"_monsterinsights_skip_tracking":false,"_monsterinsights_sitenote_active":false,"_monsterinsights_sitenote_note":"","_monsterinsights_sitenote_category":0},"product_cat":[96,33,70,108],"product_tag":[76,77,79,78,83,80,81,82],"acf":[],"aioseo_notices":[],"_links":{"self":[{"href":"https:\/\/traildeer.com\/sk\/wp-json\/wp\/v2\/product\/942"}],"collection":[{"href":"https:\/\/traildeer.com\/sk\/wp-json\/wp\/v2\/product"}],"about":[{"href":"https:\/\/traildeer.com\/sk\/wp-json\/wp\/v2\/types\/product"}],"wp:featuredmedia":[{"embeddable":true,"href":"https:\/\/traildeer.com\/sk\/wp-json\/wp\/v2\/media\/943"}],"wp:attachment":[{"href":"https:\/\/traildeer.com\/sk\/wp-json\/wp\/v2\/media?parent=942"}],"wp:term":[{"taxonomy":"product_cat","embeddable":true,"href":"https:\/\/traildeer.com\/sk\/wp-json\/wp\/v2\/product_cat?post=942"},{"taxonomy":"product_tag","embeddable":true,"href":"https:\/\/traildeer.com\/sk\/wp-json\/wp\/v2\/product_tag?post=942"}],"curies":[{"name":"wp","href":"https:\/\/api.w.org\/{rel}","templated":true}]}}