{"id":677,"date":"2022-03-05T17:25:53","date_gmt":"2022-03-05T17:25:53","guid":{"rendered":"https:\/\/traildeer.com\/?post_type=product&#038;p=677"},"modified":"2022-08-29T06:06:04","modified_gmt":"2022-08-29T06:06:04","slug":"paganella-following-the-bear-trails","status":"publish","type":"product","link":"https:\/\/traildeer.com\/sk\/produkt\/paganella-following-the-bear-trails\/","title":{"rendered":"<br> Po stop\u00e1ch medve\u010fov <br> Paganella &#038; Val Di Sole, IT"},"content":{"rendered":"<p><span style=\"color: #333333;\">Ka\u017ed\u00e1 z troch oblast\u00ed - Fai della Paganella, Andalo a Molveno m\u00e1 in\u00fd charakter  a d\u00e1 sa tu zab\u00e1va\u0165 3-5 dn\u00ed bez toho, aby mal \u010dlovek najazden\u00e9 \u00faplne v\u0161etky traily. Ka\u017ed\u00e1 z nich m\u00e1 svoje \"bajk parkov\u00e9\" \u010dlovekom postaven\u00e9 a udr\u017eiavan\u00e9 traily, no tie pr\u00e1ve aspo\u0148 pre n\u00e1s nie s\u00fa ani z\u010faleka tie najlep\u0161ie, aj ke\u010f s\u00fa rozhodne z\u00e1bavn\u00e9 a maj\u00fa svoje \u010daro.<\/span><\/p>\n<p><span style=\"color: #333333;\">\u010co v\u0161ak rob\u00ed Paganellu skuto\u010dne zauj\u00edmavou, s\u00fa zdielan\u00e9 turistick\u00e9 chodn\u00edky. Ide o \u010disto pr\u00edrodn\u00e9 traily, ktor\u00e9 boli povolen\u00e9 pre cyklistov, aby z Paganelly vznikla e\u0161te atrakt\u00edvnej\u0161ia lokalita. Samozrejme, jednou z najv\u00e4\u010d\u0161\u00edch v\u00fdhod je, \u017ee v\u00e4\u010d\u0161ina kopcov je dostupn\u00e1 lanovkami, tak\u017ee \u0161\u013eapanie do kopca alebo tla\u010denie bicykla je vo v\u00e4\u010d\u0161ine pr\u00edpadov minim\u00e1lne (okrem t\u00fary z vrcholu Andalo smerom na Molveno v r\u00e1mci v\u00fdletu Bear Trails). Hoci na t\u00fdchto spolo\u010dn\u00fdch trailoch nen\u00e1jdete umelo vytvoren\u00e9 klopky, dropy \u010di skoky, milovn\u00edci pr\u00edrodn\u00e9ho jazdenia si u\u017eij\u00fa \u00fazke chodn\u00edky pln\u00e9 kame\u0148ov, sk\u00e1l a kore\u0148ov, ako aj r\u00f4znych pr\u00edrodn\u00fdch dropov, \u017e\u013eabov a kopec pr\u00edrodn\u00fdch schodov. V\u0161etky tri stredisk\u00e1 s\u00fa navy\u0161e prepojen\u00e9 trailami, tak\u017ee sa v nich \u201enezasekneme\u201c, ale m\u00f4\u017eeme zmeni\u0165 pl\u00e1ny a \u00eds\u0165 do in\u00e9ho strediska s l\u00edstkami platn\u00fdmi v celej oblasti.<\/span><\/p>\n<p><span style=\"color: #333333;\">To v\u0161etko v kombin\u00e1ci\u00ed s \u010dasto kr\u00e1t strm\u00fdm ter\u00e9nom vytv\u00e1ra z ka\u017edej jazdy perfektn\u00fd z\u00e1\u017eitok. S\u00fa tu fakt kr\u00e1sne v\u00fdh\u013eady na obrovsk\u00e9 hory naokolo, n\u00e1horn\u00e9 plo\u0161iny, mest\u00e1 a dedinky, ako aj napr\u00edklad na ve\u013ek\u00e9 modr\u00e9 jazero v Molvene, v ktorom sa po\u010das leta d\u00e1 skvele osvie\u017ei\u0165 \u010di vyva\u013eova\u0165 na upraven\u00fdch pl\u00e1\u017each. Talianske jedlo a k\u00e1va je k dispoz\u00edcii takmer na ka\u017edom rohu a po ceste na trailoch s\u00fa horsk\u00e9 chaty, tak\u017ee nikdy nebudeme hladova\u0165.<\/span><\/p>\n<p><span style=\"color: #333333;\">Chyst\u00e1me tento v\u00fdlet na 7 dn\u00ed pre skupinu 6-8 \u013eud\u00ed a bude obsahova\u0165 ubytovanie, vleky po\u010das cel\u00e9ho tripu a sprev\u00e1dzanie po v\u0161etk\u00fdch trailoch. Ak m\u00e1\u0161 z\u00e1ujem o transport s bajkom daj vedie\u0165.<\/span><\/p>\n<p><span style=\"color: #333333;\">Pozri si ostatn\u00e9 z\u00e1lo\u017eky ak \u0165a zauj\u00edmaj\u00fa podrobnej\u0161ie inform\u00e1cie o obtia\u017enosti, d\u00e1tumoch, vybavenia at\u010f.<\/span><\/p>","protected":false},"excerpt":{"rendered":"<p><span style=\"color: #333333;\">Paganella \u2013 pre mnoh\u00fdch jazdcov st\u00e1le m\u00e1lo zn\u00e1ma MTB destin\u00e1cia sa nach\u00e1dza v regi\u00f3ne Trentino v talianskych Dolomitoch. Tri cyklistick\u00e9 centr\u00e1 (Andalo, Molveno a Fai) s\u00fa prepojen\u00e9 s 9 vlekmi a viac ako 80 km vynikaj\u00facich trailov, pr\u00edrodn\u00fdch aj umel\u00fdch.<\/span><\/p>\n<p><span style=\"color: #333333;\">Obtia\u017enos\u0165: Stredne pokro\u010dil\u00e1 a\u017e pokro\u010dil\u00e1<\/span><br \/>\n<span style=\"color: #333333;\">Trvanie: 6 noc\u00ed a 4-5 dn\u00ed jazdenia<\/span><br \/>\n<span style=\"color: #333333;\">Minimum: 5 jazdcov aby sa v\u00fdlet konal<\/span><br \/>\n<span style=\"color: #333333;\">*Pozri z\u00e1lo\u017eku Z\u013eavy pre skupinov\u00e9 ceny<\/span><\/p>","protected":false},"featured_media":711,"template":"","meta":{"_monsterinsights_skip_tracking":false,"_monsterinsights_sitenote_active":false,"_monsterinsights_sitenote_note":"","_monsterinsights_sitenote_category":0},"product_cat":[33,70,108],"product_tag":[76,77,79,78,83,80,81,82],"acf":[],"aioseo_notices":[],"_links":{"self":[{"href":"https:\/\/traildeer.com\/sk\/wp-json\/wp\/v2\/product\/677"}],"collection":[{"href":"https:\/\/traildeer.com\/sk\/wp-json\/wp\/v2\/product"}],"about":[{"href":"https:\/\/traildeer.com\/sk\/wp-json\/wp\/v2\/types\/product"}],"wp:featuredmedia":[{"embeddable":true,"href":"https:\/\/traildeer.com\/sk\/wp-json\/wp\/v2\/media\/711"}],"wp:attachment":[{"href":"https:\/\/traildeer.com\/sk\/wp-json\/wp\/v2\/media?parent=677"}],"wp:term":[{"taxonomy":"product_cat","embeddable":true,"href":"https:\/\/traildeer.com\/sk\/wp-json\/wp\/v2\/product_cat?post=677"},{"taxonomy":"product_tag","embeddable":true,"href":"https:\/\/traildeer.com\/sk\/wp-json\/wp\/v2\/product_tag?post=677"}],"curies":[{"name":"wp","href":"https:\/\/api.w.org\/{rel}","templated":true}]}}