{"id":1487,"date":"2022-08-02T09:05:48","date_gmt":"2022-08-02T09:05:48","guid":{"rendered":"https:\/\/traildeer.com\/?post_type=product&#038;p=1487"},"modified":"2022-08-29T06:03:23","modified_gmt":"2022-08-29T06:03:23","slug":"day-tour-wexl-trails-unternberg-at","status":"publish","type":"product","link":"https:\/\/traildeer.com\/sk\/produkt\/day-tour-wexl-trails-unternberg-at\/","title":{"rendered":"Denn\u00fd v\u00fdlet <br> Wexl Trails <br> Unternberg, AT"},"content":{"rendered":"<div class=\"kvgmc6g5 cxmmr5t8 oygrvhab hcukyx3x c1et5uql\">Po\u010f sa s nami zozn\u00e1mi\u0165 s ob\u013e\u00faben\u00fdm rak\u00faskym bike parkom Wexl Trails bl\u00edzko Viedne, pribli\u017ene 1,5h autom z Bratislavy.<\/div>\n<div class=\"kvgmc6g5 cxmmr5t8 oygrvhab hcukyx3x c1et5uql\">Wexl je relat\u00edvne mlad\u00fd Bike Park ide\u00e1lny pre mierne pokro\u010dil\u00fdch jazdcov, \u010do sa chc\u00fa zozn\u00e1mi\u0165 s jazden\u00edm v Bike Parku, ke\u010f\u017ee traily s\u00fa roben\u00e9 pre \u010do naj\u0161ir\u0161ie spektrum \u013eud\u00ed. Z\u00e1rove\u0148 si tu ale svoje n\u00e1jdu aj t\u00ed \u010do radi lietaj\u00fa na Air Line, alebo v\u00fdznava\u010di technick\u00e9ho jazdenia na DH\u010dke, ktor\u00e1 s\u00edce nie je ve\u013emi strm\u00e1, ale pote\u0161\u00ed.<\/div>\n<div><\/div>\n<div class=\"kvgmc6g5 cxmmr5t8 oygrvhab hcukyx3x c1et5uql\">Ke\u010f\u017ee sa jedn\u00e1 o Bike Park o v\u00fdvozy na za\u010diatok trailov sa postar\u00e1 Poma, tak\u017ee nie je potrebn\u00e9 \u0161lapa\u0165. Pre t\u00fdch \u010do nechc\u00fa plati\u0165 za lanovku a namiesto toho sa chc\u00fa pri pr\u00edjemn\u00fdch letn\u00fdch teplot\u00e1ch trocha vypoti\u0165 Wexl pon\u00faka aj ve\u013emi pekn\u00fd v\u00fd\u0161lapov\u00fd trail. Mimo bike parkov\u00fdch trailov s\u00fa tu aj \u010fal\u0161ie, na ktor\u00e9 si treba do\u0161lapa\u0165. Jeden z nich je WU trail na vrchole Hochweschel, na ktor\u00fd sa najprv budeme musie\u0165 dos\u0165 a trocha potr\u00e1pi nohy aj kondi\u010dku, no stoj\u00ed to naozaj zato \u010do sa v\u00fdh\u013eadov a jedla t\u00fdka a cestou dolu si d\u00e1me pr\u00e1ve WU trail a spust\u00edme sa Wexl\u00e1ckymi trailmi dolu na z\u00e1klad\u0148u Bike Parku.<\/div>\n<div><\/div>\n<div class=\"kvgmc6g5 cxmmr5t8 oygrvhab hcukyx3x c1et5uql\">Mimo bike parkov\u00fdch trailov s\u00fa tu aj \u010fal\u0161ie, na ktor\u00e9 si treba do\u0161lapa\u0165. Jeden z nich je WU trail na vrchole Hochweschel, na ktor\u00fd sa najprv budeme musie\u0165 dos\u0165 a trocha potr\u00e1pi nohy aj kondi\u010dku, no stoj\u00ed to naozaj zato \u010do sa v\u00fdh\u013eadov a jedla t\u00fdka a cestou dolu si d\u00e1me pr\u00e1ve WU trail a spust\u00edme sa Wexl\u00e1ckymi trailmi dolu na z\u00e1klad\u0148u Bike Parku.<\/div>\n<div><\/div>\n<div class=\"kvgmc6g5 cxmmr5t8 oygrvhab hcukyx3x c1et5uql\">V cene v\u00fdletu je doprava 9 miestnou dod\u00e1vkou aj s bicyklami z Bratislavy na Wexl a sp\u00e4\u0165, tak\u017ee sa nemus\u00ed\u0161 stara\u0165 o ni\u010d a odd\u00fdchnu\u0165 si pred a po jazden\u00ed. Samozrejme v r\u00e1mci bal\u00edka je aj spolo\u010dn\u00fd jazdenie jednotliv\u00fdmi trailami pod veden\u00edm certifikovan\u00e9ho sprievodcu MTB pod\u013ea obtia\u017enosti a n\u00e1sledne jazdenie, bu\u010f spolo\u010dne pod\u013ea preferenci\u00ed alebo jednotlivo ak niekto bude chcie\u0165 to\u010di\u0165 in\u00e9 traily ako skupina.<\/div>\n<div><\/div>\n<div class=\"kvgmc6g5 cxmmr5t8 oygrvhab hcukyx3x c1et5uql\">Mo\u017ee\u0161 sa taktie\u017e s nami len odvies\u0165 a jazdi\u0165 s\u00e1m, ak ti to tak vyhovuje.<\/div>\n<div class=\"kvgmc6g5 cxmmr5t8 oygrvhab hcukyx3x c1et5uql\">Sna\u017e\u00edme sa z\u00edska\u0165 aj z\u013eavu na vlek, no k tomu poskytneme bli\u017e\u0161ie inform\u00e1cie ak sa to podar\u00ed.<\/div>\n<div class=\"kvgmc6g5 cxmmr5t8 oygrvhab hcukyx3x c1et5uql\">M\u00e1me 5 vo\u013en\u00fdch miest, l\u00edstky si zatia\u013e je potrebn\u00e9 k\u00fapi\u0165 online cez n\u00e1\u0161 web (v\u00fdlet bude online e\u0161te dnes!).<\/div>","protected":false},"excerpt":{"rendered":"<p><span style=\"color: #333333;\">Spoznaj jedno z najlep\u0161\u00edch miest kde za\u010da\u0165 s jazden\u00edm v Bike Parku<\/span><\/p>\n<p><span style=\"color: #333333;\">Obtia\u017enos\u0165: mierne pokro\u010dil\u00ed a vy\u0161\u0161ie<\/span><\/p>\n<p><span style=\"color: #333333;\">Trvanie: 1 d\u0148ov\u00fd v\u00fdlet<\/span><br \/>\n<span style=\"color: #333333;\">Minimum: 5 jazdcov aby sa v\u00fdlet konal<\/span><\/p>","protected":false},"featured_media":1488,"template":"","meta":{"_monsterinsights_skip_tracking":false,"_monsterinsights_sitenote_active":false,"_monsterinsights_sitenote_note":"","_monsterinsights_sitenote_category":0},"product_cat":[73,94,96,108],"product_tag":[112,83,110,80,81,82,111],"acf":[],"aioseo_notices":[],"_links":{"self":[{"href":"https:\/\/traildeer.com\/sk\/wp-json\/wp\/v2\/product\/1487"}],"collection":[{"href":"https:\/\/traildeer.com\/sk\/wp-json\/wp\/v2\/product"}],"about":[{"href":"https:\/\/traildeer.com\/sk\/wp-json\/wp\/v2\/types\/product"}],"wp:featuredmedia":[{"embeddable":true,"href":"https:\/\/traildeer.com\/sk\/wp-json\/wp\/v2\/media\/1488"}],"wp:attachment":[{"href":"https:\/\/traildeer.com\/sk\/wp-json\/wp\/v2\/media?parent=1487"}],"wp:term":[{"taxonomy":"product_cat","embeddable":true,"href":"https:\/\/traildeer.com\/sk\/wp-json\/wp\/v2\/product_cat?post=1487"},{"taxonomy":"product_tag","embeddable":true,"href":"https:\/\/traildeer.com\/sk\/wp-json\/wp\/v2\/product_tag?post=1487"}],"curies":[{"name":"wp","href":"https:\/\/api.w.org\/{rel}","templated":true}]}}