{"id":1444,"date":"2022-06-14T11:32:13","date_gmt":"2022-06-14T11:32:13","guid":{"rendered":"https:\/\/traildeer.com\/?post_type=product&#038;p=1444"},"modified":"2022-06-14T14:02:28","modified_gmt":"2022-06-14T14:02:28","slug":"striped-deer-jersey-2","status":"publish","type":"product","link":"https:\/\/traildeer.com\/sk\/produkt\/striped-deer-jersey-2\/","title":{"rendered":"Striped Deer Jersey"},"content":{"rendered":"<p>Na\u0161a nov\u00e1 kolekcia na rok 2022, ktor\u00fa sme navrhli, preto\u017ee sme c\u00edtili, \u017ee aj ke\u010f je na trhu ve\u013ea dresov a zna\u010diek, ch\u00fdbaj\u00fa n\u00e1m \u010dist\u00e9 pekn\u00e9 dizajny v pestr\u00fdch farebn\u00fdch kombin\u00e1ci\u00e1ch. Nakoniec sme skon\u010dili s viac ako 50 r\u00f4znymi farebn\u00fdmi kombin\u00e1ciami a tu s\u00fa tie najkraj\u0161ie nielen pod\u013ea n\u00e1s, ale aj mnoh\u00fdch na\u0161ich priate\u013eov a testerov. Pozri si na\u0161e \u010fal\u0161ie n\u00e1vrhy a vybert si ten, ktor\u00fd sa ti p\u00e1\u010di najviac.<\/p>\n<p>Dresy s\u00fa vyroben\u00e9 z recyklovan\u00fdch materi\u00e1lov poch\u00e1dzaj\u00facich z Talianska, tak\u017ee sa na kvalitu materi\u00e1lov m\u00f4\u017ee\u0161 spo\u013eahn\u00fa\u0165. Je to dres zameran\u00fd na trail\/enduro, preto je materi\u00e1l pevnej\u0161\u00ed ako be\u017en\u00e9 \u013eah\u0161ie dresy. Predn\u00e1 \u010das\u0165 je vyroben\u00e1 tak, aby neprep\u00fa\u0161\u0165ala pr\u00edli\u0161 ve\u013ea chladu alebo vetra, a zadn\u00e1 \u010das\u0165 je vyroben\u00e1 z \u013eah\u0161ieho perforovanej\u0161ieho materi\u00e1lu, ktor\u00fd lep\u0161ie d\u00fdcha a umo\u017e\u0148uje lep\u0161\u00ed odvod potu.<\/p>\n<p>Na\u0161e dresy s\u00fa navrhnut\u00e9 a vyroben\u00e9 na Slovensku, tak\u017ee ich k\u00fapou podpor\u00ed\u0161 nielen n\u00e1s, ale pom\u00f4\u017ee\u0161 t\u00fdm aj slovensk\u00e9ho v\u00fdrobcu.<\/p>\n<p>&nbsp;<\/p>","protected":false},"excerpt":{"rendered":"<p>Na\u0161a nov\u00e1 Bright Ride kolekcia 2022<\/p>","protected":false},"featured_media":1371,"template":"","meta":{"_monsterinsights_skip_tracking":false,"_monsterinsights_sitenote_active":false,"_monsterinsights_sitenote_note":"","_monsterinsights_sitenote_category":0},"product_cat":[114,113],"product_tag":[133,132,79,137,131,136,134,138,135],"acf":[],"aioseo_notices":[],"_links":{"self":[{"href":"https:\/\/traildeer.com\/sk\/wp-json\/wp\/v2\/product\/1444"}],"collection":[{"href":"https:\/\/traildeer.com\/sk\/wp-json\/wp\/v2\/product"}],"about":[{"href":"https:\/\/traildeer.com\/sk\/wp-json\/wp\/v2\/types\/product"}],"wp:featuredmedia":[{"embeddable":true,"href":"https:\/\/traildeer.com\/sk\/wp-json\/wp\/v2\/media\/1371"}],"wp:attachment":[{"href":"https:\/\/traildeer.com\/sk\/wp-json\/wp\/v2\/media?parent=1444"}],"wp:term":[{"taxonomy":"product_cat","embeddable":true,"href":"https:\/\/traildeer.com\/sk\/wp-json\/wp\/v2\/product_cat?post=1444"},{"taxonomy":"product_tag","embeddable":true,"href":"https:\/\/traildeer.com\/sk\/wp-json\/wp\/v2\/product_tag?post=1444"}],"curies":[{"name":"wp","href":"https:\/\/api.w.org\/{rel}","templated":true}]}}