{"id":1058,"date":"2022-03-08T18:25:41","date_gmt":"2022-03-08T18:25:41","guid":{"rendered":"https:\/\/traildeer.com\/?post_type=product&#038;p=1058"},"modified":"2022-08-29T06:05:35","modified_gmt":"2022-08-29T06:05:35","slug":"rychlebske-stezky-a-fairytale-mtb-weekend","status":"publish","type":"product","link":"https:\/\/traildeer.com\/sk\/produkt\/rychlebske-stezky-a-fairytale-mtb-weekend\/","title":{"rendered":"<br> Rozpr\u00e1vkov\u00fd MTB z\u00e1\u017eitok <br> Rychlebsk\u00e9 Stezky, CZ"},"content":{"rendered":"<p><span style=\"color: #333333;\">Rychlebsk\u00e9 stezky s\u00fa suver\u00e9nne najzn\u00e1mej\u0161ou MTB lokalitou u na\u0161ich z\u00e1padn\u00fdch bratov a z\u00e1rove\u0148 s\u00fa aj jedn\u00fdm z najunik\u00e1tnej\u0161\u00edch miest na jazdenie v Eur\u00f3pe v\u00f4bec. Po\u010das v\u00edkendu presk\u00famame to najlep\u0161ie \u010do Rychlebsk\u00e9 stezky pon\u00fakaj\u00fa. Jedine\u010dn\u00fdm robia Rychlebsk\u00e9 stezky a ich 14 trailov pr\u00e1ve balvany a kamene v\u0161etk\u00fdch ve\u013ekost\u00ed a tvarov, z ktor\u00fdch je ka\u017ed\u00fd trail doslova vyskladan\u00fd a na niektor\u00fdch ako napr. na Obelixovi sa \"oby\u010dajnej\" p\u00f4dy skoro ani nedotkne\u0161. Niektor\u00e9 balvany ako napr. ten na T-rysovi dosahuje rozmerov autobusu, tak\u017ee nejde len o zauj\u00edmav\u00e9 jazdenie, ale aj kr\u00e1sny vizu\u00e1lny z\u00e1\u017eitok, ke\u010f\u017ee traily vyzeraj\u00fa ako bajkov\u00e9 umeleck\u00e9 dielo.<\/span><\/p>\n<p><span style=\"color: #333333;\">Po\u010das dvoch dn\u00ed jazdenia si prejdeme pod\u013ea spolo\u010dn\u00e9ho v\u00fdberu tie najlep\u0161ie traily, kde bude treba sa zastav\u00edme a uk\u00e1\u017eeme si ako ich prejs\u0165. Ke\u010f\u017ee na Rychleb\u00e1ch sa \u0161lape za vlastn\u00e9 s\u00fa dva dni \u00faplne dostato\u010dn\u00e9, aby \u010dlovek spoznal jednotliv\u00e9 traily prv\u00fd de\u0148 a druh\u00fd de\u0148 si zopakoval u\u017e len tie najz\u00e1bavanej\u0161ie.<\/span><\/p>\n<p><span style=\"color: #333333;\">Na\u0161im najobl\u00fabenej\u0161\u00edm a z\u00e1rove\u0148 mo\u017eno aj technicky jedn\u00fdm z naj\u0165a\u017e\u0161\u00edch je pr\u00e1ve najnov\u0161\u00ed trail Jest\u0159\u00e1b, ktor\u00fd okrem kame\u0148a prin\u00e1\u0161a aj mno\u017estvo zauj\u00edmav\u00fdch dreven\u00fdch north shore-ov, ktor\u00e9 s\u00fa \u010dasto kr\u00e1t \u00fazke na hr\u00fabku kolesa a preto silno preveria na\u0161u rovnov\u00e1hu. N\u00e1jdeme tu aj asi 15 metrov\u00fd padnut\u00fd strom vo v\u00fd\u0161ke asi 2m, po ktorom sa d\u00e1 kr\u00e1sne prejs\u0165, no \u010dlovek sa nesmie zlakn\u00fa\u0165, inak na konci padne do mal\u00e9ho jazierka.<\/span><\/p>\n<p><span style=\"color: #333333;\">P\u00f4jdeme pekne postupne cez tie naj\u013eah\u0161ie traily a\u017e k t\u00fdm \u0165a\u017e\u0161\u00edm, posp\u00e1jame v\u00fd\u0161lapy tak, aby sme sa smerom hore nenudili a z\u00e1rove\u0148 \u0161etrili sily \u010do najviac. No a tie \u010do sa n\u00e1m bud\u00fa p\u00e1\u010di\u0165 najviac si zopakujeme ko\u013eko kr\u00e1t budeme chcie\u0165 a vl\u00e1da\u0165.<\/span><\/p>\n<p><span style=\"color: #333333;\">V pr\u00edpade, \u017ee by pr\u0161alo to nevad\u00ed, ke\u010f\u017ee kamene tu v\u010faka jedine\u010dnej \u0161trukt\u00fare dr\u017eia v\u00fdborne aj za da\u017e\u010fa. Ak by sme druh\u00fd de\u0148 n\u00e1hodou nevl\u00e1dali m\u00f4\u017eeme sa po ceste domov zastavi\u0165 napr. v bike parku Pekl\u00e1k alebo Kouty a vymeni\u0165 \u0161lapanie za lanovku \u010di vlek. To sa v\u0161ak uvid\u00ed na mieste.<\/span><\/p>\n<p><span style=\"color: #333333;\">Ubytovan\u00ed budeme priamo v \u010cern\u00e9 vode, tak\u017ee to budeme ma\u0165 na traily na skok a obed si d\u00e1me priamo na z\u00e1kladni trailov, kde si popri tom m\u00f4\u017eeme da\u0165 nejak\u00fa tu v\u00fdzvu v skill parku alebo na jump line. Priamo tu maj\u00fa aj servis a obchod, tak\u017ee by nemal by\u0165 probl\u00e9m s opravou bicykla.<\/span><\/p>","protected":false},"excerpt":{"rendered":"<p><span style=\"color: #333333;\">Vydaj sa s nami na skuto\u010dne jedine\u010dn\u00e9 dobrodru\u017estvo na Rychlebsk\u00fdch stezk\u00e1ch na dva dni technickej jazdy po skal\u00e1ch a kame\u0148och<\/span><\/p>\n<p><span style=\"color: #333333;\"><strong>Obtia\u017enos\u0165:<\/strong> stredne pokro\u010dil\u00fd a\u017e pokro\u010dil\u00fd<\/span><br \/>\n<span style=\"color: #333333;\"><strong>Trvanie:<\/strong> 2 noci a 2 dni jazdenia<\/span><br \/>\n<span style=\"color: #333333;\"><strong>Minimum:<\/strong> 4 jazdci aby sa v\u00fdlet konal<\/span><br \/>\n<span style=\"color: #333333;\">*Pozri z\u00e1lo\u017eku Z\u013eavy pre skupinov\u00e9 ceny<\/span><\/p>","protected":false},"featured_media":1059,"template":"","meta":{"_monsterinsights_skip_tracking":false,"_monsterinsights_sitenote_active":false,"_monsterinsights_sitenote_note":"","_monsterinsights_sitenote_category":0},"product_cat":[69,97,108,71,98,35],"product_tag":[],"acf":[],"aioseo_notices":[],"_links":{"self":[{"href":"https:\/\/traildeer.com\/sk\/wp-json\/wp\/v2\/product\/1058"}],"collection":[{"href":"https:\/\/traildeer.com\/sk\/wp-json\/wp\/v2\/product"}],"about":[{"href":"https:\/\/traildeer.com\/sk\/wp-json\/wp\/v2\/types\/product"}],"wp:featuredmedia":[{"embeddable":true,"href":"https:\/\/traildeer.com\/sk\/wp-json\/wp\/v2\/media\/1059"}],"wp:attachment":[{"href":"https:\/\/traildeer.com\/sk\/wp-json\/wp\/v2\/media?parent=1058"}],"wp:term":[{"taxonomy":"product_cat","embeddable":true,"href":"https:\/\/traildeer.com\/sk\/wp-json\/wp\/v2\/product_cat?post=1058"},{"taxonomy":"product_tag","embeddable":true,"href":"https:\/\/traildeer.com\/sk\/wp-json\/wp\/v2\/product_tag?post=1058"}],"curies":[{"name":"wp","href":"https:\/\/api.w.org\/{rel}","templated":true}]}}