{"id":1045,"date":"2022-03-13T13:26:27","date_gmt":"2022-03-13T13:26:27","guid":{"rendered":"https:\/\/traildeer.com\/?post_type=product&#038;p=1045"},"modified":"2022-08-29T06:04:53","modified_gmt":"2022-08-29T06:04:53","slug":"martinske-hole-slovakias-top-enduro-location","status":"publish","type":"product","link":"https:\/\/traildeer.com\/sk\/produkt\/martinske-hole-slovakias-top-enduro-location\/","title":{"rendered":"<br> To najlep\u0161ie Enduro na Slovensku <br> Martinsk\u00e9 Hole, SK"},"content":{"rendered":"<p><span style=\"color: #333333;\">Martinsk\u00e9 Hole s\u00fa n\u00e1dhern\u00e9 pohorie na strednom Slovensku v Malej Fatre. S najvy\u0161\u0161\u00edm bodom Ve\u013ek\u00e1 L\u00faka s 1475 m to s\u00edce nie je z\u010faleka jedno z najvy\u0161\u0161\u00edch pohor\u00ed, ale rozhodne Martinky patria k jedn\u00fdm z najkraj\u0161\u00edch, ktor\u00e9 na Slovensku n\u00e1jdeme. \u010co sa t\u00fdka jazdenia, je len ve\u013emi m\u00e1lo miest, ktor\u00e9 m\u00f4\u017eu konkurova\u0165 \u010disto pr\u00edrodn\u00fdm trailom s nekone\u010dnou z\u00e1sobou kore\u0148ov, sk\u00e1l a najr\u00f4znej\u0161\u00edch pr\u00edrodn\u00fdch v\u00fdziev a do toho dlh\u00fdmi a \u010dasto kr\u00e1t relat\u00edvne strm\u00fdmi zjazdami.<\/span><\/p>\n<p><span style=\"color: #333333;\">N\u00e1\u0161 celo-v\u00edkendov\u00fd v\u00fdlet sa za\u010dne v piatok ve\u010der v Kunerade, kde sa stretneme na na\u0161om ubytovan\u00ed, d\u00e1me si p\u00e1r p\u00edv a pospozn\u00e1vame sa predt\u00fdm ako sa vrhneme do postel\u00ed.<\/span><\/p>\n<p><strong><span style=\"color: #333333;\">1 de\u0148 jazdenia<\/span><\/strong><br \/>\n<span style=\"color: #333333;\">V sobotu r\u00e1no si d\u00e1me r\u00fdchly bike check, aby sme zabezpe\u010dili, \u017ee s\u00fa na\u0161e stroje pr\u00edpraven\u00e9 na riadny zaber\u00e1k a n\u00e1sledne n\u00e1s vyzdvihne vodi\u010d a v\u00fdd\u00e1me sa za dobrodru\u017estvom na Martink\u00e1ch. Po v\u00fdvoze na Martinky a n\u00e1slednom 20 min\u00fatovom v\u00fd\u0161\u013eape (cca 250 v\u00fd\u0161kov\u00fdch) a\u017e na vrchol sa vyd\u00e1vame po hrebeni smerom na Min\u010dol. \u010cakaj\u00fa n\u00e1s \u00fazke chodn\u00ed\u010dky s vymyt\u00fdmi rigolmi, ktor\u00e9 vedia zasko\u010di\u0165 svojou h\u013abkou. Na Min\u010dol si \u010do to aj po\u0161lapeme a ponos\u00edme, ale patr\u00ed to k tomu. Smerom dolu na Stre\u010dno n\u00e1s \u010dak\u00e1 nieko\u013eko kr\u00e1snych v\u00fdh\u013eadov a n\u00e1sledne aj par\u00e1dnych technick\u00fdch zjazdov, ktor\u00e9 svojimi kore\u0148mi, kame\u0148mi a sklonom pote\u0161ia ka\u017ed\u00e9ho nad\u0161enca technick\u00e9ho jazdenia. Zastav\u00edme sa na v\u00fdh\u013eadovni nad Stre\u010dnom a u\u017eijeme zjazd dolu na parkovisko pod hradom, kde n\u00e1s u\u017e bude \u010daka\u0165 n\u00e1\u0161 vodi\u010d s dod\u00e1vkou. N\u00e1sledne sa druh\u00fd kr\u00e1t vyvezieme na vrchol Martiniek, kde si doprajeme super obed s k\u00e1vi\u010dkou \u010di r\u00e1dlerom.<\/span><\/p>\n<p><span style=\"color: #333333;\">Po v\u00fddatnom obede si d\u00e1me zase v\u00fd\u0161\u013eap a\u017e na vrchol, no tento kr\u00e1t sa odtia\u013e vyd\u00e1me na opa\u010dn\u00fd smer. Tu sa za\u010d\u00edna druh\u00e1 \u010das\u0165 n\u00e1\u0161ho MTB dobrodru\u017estva, kde sa pust\u00edme dolu turistick\u00fdm chodn\u00edkom smerom na Kunerad inak naz\u00fdvan\u00fdm Zmija. Podobne ako pri jazde smerom na Stre\u010dno aj tu ide o v\u00fddatn\u00e9 AM\/Enduro jazdenie, ktor\u00e9mu sa na Slovensku len \u0165a\u017eko h\u013ead\u00e1 konkurencia. Jazdenie na sobotu uzavrieme v dedinke Kunerad, kde si d\u00e1me spolo\u010dn\u00e9 pivko a pokec\u00e1me o tom \u010do sme za\u017eili, n\u00e1sledne si d\u00e1me super ve\u010deru a vyd\u00e1me sa sp\u00e4\u0165 na ubytovanie.<\/span><\/p>\n<p><strong><span style=\"color: #333333;\">2 de\u0148 jazdy<\/span><\/strong><br \/>\n<span style=\"color: #333333;\">V nede\u013eu r\u00e1no sa vyd\u00e1me smerom na Kunerad, kde si prejdeme mno\u017estvo z\u00e1bavn\u00fdch tr\u00e1s v okol\u00ed tento kr\u00e1t u\u017e bez v\u00fdvozu a za vlastn\u00e9. Trailov si m\u00f4\u017eeme da\u0165 ko\u013eko len budeme chcie\u0165 a vl\u00e1da\u0165. Aj ke\u010f nie s\u00fa a\u017e tak\u00e9 epick\u00e9 z h\u013eadiska v\u00fdh\u013eadov, s\u00fa o to zauj\u00edmavej\u0161ie vzh\u013eadom na kvalitu a ich faktor z\u00e1bavy. Obed si d\u00e1me len priebe\u017ene na trailoch a okolo 16.00 spolo\u010dne v\u00fdlet ukon\u010d\u00edme tak, aby sme stihli pr\u00eds\u0165 domov v\u010das na ve\u010deru.<\/span><\/p>\n<p><span style=\"color: #333333;\">Check out sprav\u00edme pod\u013ea fin\u00e1lnej lokality n\u00e1\u0161ho ubytovania, ktor\u00e9 sa bude nach\u00e1dza\u0165 bu\u010f priamo na Martinsk\u00fdch holiach alebo v Kuner\u00e1de. P\u00f4jde o dobre vybaven\u00fd apartm\u00e1n s v\u0161etk\u00fdm \u010do na tento v\u00edkend budeme potrebova\u0165.<\/span><\/p>","protected":false},"excerpt":{"rendered":"<p>Spoznaj t\u00fa najkraj\u0161iu a z\u00e1rove\u0148 najdrsnej\u0161iu MTB lokalitu na Slovensku. Po\u010das dvoch dn\u00ed pln\u00fdch jazdenia za\u017eije\u0161 to najlep\u0161ie \u010do Martinky pon\u00fakaj\u00fa.<\/p>\n<p>Obtia\u017enos\u0165: Pokro\u010dil\u00e1<br \/>\nTrvanie: 2 noci a 2 dni jazdenia<br \/>\nMinim\u00e1lny po\u010det: 3 bajkeri na uskuto\u010dnenie v\u00fdletu<br \/>\n*Pozri z\u00e1lo\u017eku Z\u013eavy pre skupinov\u00e9 ceny<\/p>","protected":false},"featured_media":1056,"template":"","meta":{"_monsterinsights_skip_tracking":false,"_monsterinsights_sitenote_active":false,"_monsterinsights_sitenote_note":"","_monsterinsights_sitenote_category":0},"product_cat":[94,96,32,108,71],"product_tag":[],"acf":[],"aioseo_notices":[],"_links":{"self":[{"href":"https:\/\/traildeer.com\/sk\/wp-json\/wp\/v2\/product\/1045"}],"collection":[{"href":"https:\/\/traildeer.com\/sk\/wp-json\/wp\/v2\/product"}],"about":[{"href":"https:\/\/traildeer.com\/sk\/wp-json\/wp\/v2\/types\/product"}],"wp:featuredmedia":[{"embeddable":true,"href":"https:\/\/traildeer.com\/sk\/wp-json\/wp\/v2\/media\/1056"}],"wp:attachment":[{"href":"https:\/\/traildeer.com\/sk\/wp-json\/wp\/v2\/media?parent=1045"}],"wp:term":[{"taxonomy":"product_cat","embeddable":true,"href":"https:\/\/traildeer.com\/sk\/wp-json\/wp\/v2\/product_cat?post=1045"},{"taxonomy":"product_tag","embeddable":true,"href":"https:\/\/traildeer.com\/sk\/wp-json\/wp\/v2\/product_tag?post=1045"}],"curies":[{"name":"wp","href":"https:\/\/api.w.org\/{rel}","templated":true}]}}