{"id":1031,"date":"2022-03-04T07:30:58","date_gmt":"2022-03-04T07:30:58","guid":{"rendered":"https:\/\/traildeer.com\/?post_type=product&#038;p=1031"},"modified":"2022-08-29T06:06:12","modified_gmt":"2022-08-29T06:06:12","slug":"enduro-trails-by-the-sea","status":"publish","type":"product","link":"https:\/\/traildeer.com\/sk\/produkt\/enduro-trails-by-the-sea\/","title":{"rendered":"<br> Enduro, slnko a more <br> Zagreb &#038; Omi\u0161, HR"},"content":{"rendered":"<p><span style=\"color: #333333;\">Pridaj sa k n\u00e1m na 5-d\u0148ov\u00fd v\u00fdlet s 3 cel\u00fdmi d\u0148ami \u00fa\u017easn\u00e9ho trailov\u00e9ho jazdenia na t\u00fdch najlep\u0161\u00edch all-mountain\/enduro miestach v Chorv\u00e1tsku. U\u017eije\u0161 si v\u0161etko, \u010do Chorv\u00e1tsko pon\u00faka \u2013 slnko, more, vynikaj\u00facu kuchy\u0148u a mno\u017estvo skalnat\u00fdch a kore\u0148ov\u00fdch trailov a za\u017eije\u0161 nezabudnute\u013en\u00fd z\u00e1\u017eitok.<\/span><\/p>\n<p><span style=\"color: #333333;\"><strong>Zagreb<\/strong><\/span><br \/>\n<span style=\"color: #333333;\">N\u00e1\u0161 v\u00fdlet za\u010d\u00edna v Z\u00e1hrebe, kde budeme ma\u0165 medziprist\u00e1tie na noc, aby sme nemuseli \u0161of\u00e9rova\u0165 9 hod\u00edn v kuse. Z\u00e1rove\u0148 t\u00fato n\u00e1v\u0161tevu vyu\u017eijeme na celodenn\u00fd pojazd so sprievodcom a dod\u00e1vkou v pohor\u00ed Medvednica, ktor\u00e9 pon\u00faka mno\u017estvo fantastick\u00fdch trailov, ktor\u00e9 s\u00fa svoj\u00edm charakterom podobn\u00e9 t\u00fdm na\u0161im. V\u010faka v\u00fd\u0161ke nad 1000 m s\u00fa v\u0161ak ove\u013ea dlh\u0161ie kde ten najdlh\u0161\u00ed trail m\u00e1 viac ako 6 km. Asi o 15:00 si zbal\u00edme veci a vyraz\u00edme dokon\u010di\u0165 druh\u00fa \u010das\u0165 na\u0161ej cesty, aby sme sa dostali do Omi\u0161a asi o 21:00.<\/span><\/p>\n<p><span style=\"color: #333333;\"><strong>Omi\u0161<\/strong><\/span><br \/>\n<span style=\"color: #333333;\">Hlavn\u00fdm cie\u013eom na\u0161ej cesty je pobre\u017en\u00e9 meste\u010dko Omi\u0161 s \u00fachvatn\u00fdmi v\u00fdh\u013eadmi na hory a more. Pokojn\u00e9 vody ukryt\u00e9 za ostrovom Bra\u010d s\u013eubuj\u00fa skvel\u00e9 osvie\u017eenie pred alebo po dni jazdy v relat\u00edvne teplom Jadranskom mori. Pohorie nad Per\u00fanom je popretk\u00e1van\u00e9 trailami ide\u00e1lnymi pre MTB, ktor\u00e9 miestna skupina Coast Riders buduje u\u017e mnoho rokov. Toto je fantastick\u00e9 a ve\u013emi jedine\u010dn\u00e9 miesto na jazdu r\u00fdchlymi trasami posiatych pr\u00edrodn\u00fdmi prek\u00e1\u017ekami, v\u00e4\u010d\u0161inou v\u0161ak skaln\u00fdt\u00fdmi a teda daj\u00fa poriadne zabra\u0165.<\/span><\/p>\n<p><span style=\"color: #333333;\">M\u00f4\u017ee\u0161 sa te\u0161i\u0165 na fantastick\u00e9 jedlo, skvel\u00e9 chv\u00edle na pl\u00e1\u017ei po jazden\u00ed a hlavne perfektn\u00e9 jazdenie na t\u00fdchto jedine\u010dn\u00fdch trailoch.<\/span><\/p>\n<p><span style=\"color: #333333;\">Tu je kr\u00e1tke video z Imber trailu z minul\u00e9ho roka:<\/span><\/p>\n<p><iframe loading=\"lazy\" title=\"Enduro Pure - Imber Trail in Omi\u0161, Croatia\" width=\"1020\" height=\"574\" src=\"https:\/\/www.youtube.com\/embed\/N9xw1is7AxI?start=1&#038;feature=oembed\" frameborder=\"0\" allow=\"accelerometer; autoplay; clipboard-write; encrypted-media; gyroscope; picture-in-picture\" allowfullscreen><\/iframe><\/p>","protected":false},"excerpt":{"rendered":"<p><span style=\"color: #333333;\">Najlep\u0161\u00ed v\u00fdlet na vychutnanie trailovej jazdy s kr\u00e1snym v\u00fdh\u013eadom na more a fantastick\u00fdm po\u010das\u00edm.<\/span><\/p>\n<p><span style=\"color: #333333;\"><strong>Obtia\u017enos\u0165:<\/strong>\u00a0stredne pokro\u010dil\u00fd a\u017e pokro\u010dil\u00fd<\/span><br \/>\n<span style=\"color: #333333;\"><strong>Trvanie:<\/strong> 4 noci a 3-3,5 dn\u00ed jazdenia<\/span><br \/>\n<span style=\"color: #333333;\"><strong>Minimum:<\/strong> 4 jazdci aby sa v\u00fdlet konal<\/span><br \/>\n<span style=\"color: #333333;\">*Pozri z\u00e1lo\u017eku Z\u013eavy pre skupinov\u00e9 ceny<\/span><\/p>","protected":false},"featured_media":1032,"template":"","meta":{"_monsterinsights_skip_tracking":false,"_monsterinsights_sitenote_active":false,"_monsterinsights_sitenote_note":"","_monsterinsights_sitenote_category":0},"product_cat":[99,96,32,108],"product_tag":[100,79,80,101,103,102,81,82],"acf":[],"aioseo_notices":[],"_links":{"self":[{"href":"https:\/\/traildeer.com\/sk\/wp-json\/wp\/v2\/product\/1031"}],"collection":[{"href":"https:\/\/traildeer.com\/sk\/wp-json\/wp\/v2\/product"}],"about":[{"href":"https:\/\/traildeer.com\/sk\/wp-json\/wp\/v2\/types\/product"}],"wp:featuredmedia":[{"embeddable":true,"href":"https:\/\/traildeer.com\/sk\/wp-json\/wp\/v2\/media\/1032"}],"wp:attachment":[{"href":"https:\/\/traildeer.com\/sk\/wp-json\/wp\/v2\/media?parent=1031"}],"wp:term":[{"taxonomy":"product_cat","embeddable":true,"href":"https:\/\/traildeer.com\/sk\/wp-json\/wp\/v2\/product_cat?post=1031"},{"taxonomy":"product_tag","embeddable":true,"href":"https:\/\/traildeer.com\/sk\/wp-json\/wp\/v2\/product_tag?post=1031"}],"curies":[{"name":"wp","href":"https:\/\/api.w.org\/{rel}","templated":true}]}}