{"id":1018,"date":"2023-03-01T18:31:13","date_gmt":"2023-03-01T18:31:13","guid":{"rendered":"https:\/\/traildeer.com\/?page_id=1018"},"modified":"2023-03-01T18:38:10","modified_gmt":"2023-03-01T18:38:10","slug":"signup","status":"publish","type":"page","link":"https:\/\/traildeer.com\/sk\/signup\/","title":{"rendered":""},"content":{"rendered":"<div class=\"mailpoet_form_popup_overlay\"><\/div>\n  <div\n    id=\"mailpoet_form_6\"\n    class=\"mailpoet_form      mailpoet_form_shortcode      mailpoet_form_position_      mailpoet_form_animation_\"\n      >\n    \n    <style type=\"text\/css\">\n     #mailpoet_form_6 .mailpoet_form {  }\n#mailpoet_form_6 form { margin-bottom: 0; }\n#mailpoet_form_6 .mailpoet_column_with_background { padding: 0px; }\n#mailpoet_form_6 .wp-block-column:not(:first-child), #mailpoet_form_6 .mailpoet_form_column:not(:first-child) { padding: 0 20px; }\n#mailpoet_form_6 .mailpoet_form_column:not(:first-child) { margin-left: 0; }\n#mailpoet_form_6 h2.mailpoet-heading { margin: 0 0 20px 0; }\n#mailpoet_form_6 .mailpoet_paragraph { line-height: 20px; margin-bottom: 20px; }\n#mailpoet_form_6 .mailpoet_segment_label, #mailpoet_form_6 .mailpoet_text_label, #mailpoet_form_6 .mailpoet_textarea_label, #mailpoet_form_6 .mailpoet_select_label, #mailpoet_form_6 .mailpoet_radio_label, #mailpoet_form_6 .mailpoet_checkbox_label, #mailpoet_form_6 .mailpoet_list_label, #mailpoet_form_6 .mailpoet_date_label { display: block; font-weight: normal; }\n#mailpoet_form_6 .mailpoet_text, #mailpoet_form_6 .mailpoet_textarea, #mailpoet_form_6 .mailpoet_select, #mailpoet_form_6 .mailpoet_date_month, #mailpoet_form_6 .mailpoet_date_day, #mailpoet_form_6 .mailpoet_date_year, #mailpoet_form_6 .mailpoet_date { display: block; }\n#mailpoet_form_6 .mailpoet_text, #mailpoet_form_6 .mailpoet_textarea { width: 200px; }\n#mailpoet_form_6 .mailpoet_checkbox {  }\n#mailpoet_form_6 .mailpoet_submit {  }\n#mailpoet_form_6 .mailpoet_divider {  }\n#mailpoet_form_6 .mailpoet_message {  }\n#mailpoet_form_6 .mailpoet_form_loading { width: 30px; text-align: center; line-height: normal; }\n#mailpoet_form_6 .mailpoet_form_loading > span { width: 5px; height: 5px; background-color: #5b5b5b; }#mailpoet_form_6{border-radius: 0px;background: #ffffff;color: #1e1e1e;text-align: left;}#mailpoet_form_6 form.mailpoet_form {padding: 0px;}#mailpoet_form_6{width: 100%;}#mailpoet_form_6 .mailpoet_message {margin: 0; padding: 0 20px;}\n        #mailpoet_form_6 .mailpoet_validate_success {color: #00d084}\n        #mailpoet_form_6 input.parsley-success {color: #00d084}\n        #mailpoet_form_6 select.parsley-success {color: #00d084}\n        #mailpoet_form_6 textarea.parsley-success {color: #00d084}\n      \n        #mailpoet_form_6 .mailpoet_validate_error {color: #cf2e2e}\n        #mailpoet_form_6 input.parsley-error {color: #cf2e2e}\n        #mailpoet_form_6 select.parsley-error {color: #cf2e2e}\n        #mailpoet_form_6 textarea.textarea.parsley-error {color: #cf2e2e}\n        #mailpoet_form_6 .parsley-errors-list {color: #cf2e2e}\n        #mailpoet_form_6 .parsley-required {color: #cf2e2e}\n        #mailpoet_form_6 .parsley-custom-error-message {color: #cf2e2e}\n      #mailpoet_form_6 .mailpoet_paragraph.last {margin-bottom: 0} @media (max-width: 500px) {#mailpoet_form_6 {background: #ffffff;}} @media (min-width: 500px) {#mailpoet_form_6 .last .mailpoet_paragraph:last-child {margin-bottom: 0}}  @media (max-width: 500px) {#mailpoet_form_6 .mailpoet_form_column:last-child .mailpoet_paragraph:last-child {margin-bottom: 0}} \n    <\/style>\n\n    <form\n      target=\"_self\"\n      method=\"post\"\n      action=\"https:\/\/traildeer.com\/wp-admin\/admin-post.php?action=mailpoet_subscription_form\"\n      class=\"mailpoet_form mailpoet_form_form mailpoet_form_shortcode\"\n      novalidate\n data-delay=\"\"\n      data-exit-intent-enabled=\"\"\n      data-font-family=\"\"\n      data-cookie-expiration-time=\"\"\n    >\n      <input type=\"hidden\" name=\"data[form_id]\" value=\"6\" \/>\n      <input type=\"hidden\" name=\"token\" value=\"4a2e1dffea\" \/>\n      <input type=\"hidden\" name=\"api_version\" value=\"v1\" \/>\n      <input type=\"hidden\" name=\"endpoint\" value=\"subscribers\" \/>\n      <input type=\"hidden\" name=\"mailpoet_method\" value=\"subscribe\" \/>\n\n      <label class=\"mailpoet_hp_email_label\" style=\"display: none !important;\">Please leave this field empty<input type=\"email\" name=\"data[email]\"\/><\/label><div class=\"mailpoet_form_columns mailpoet_paragraph mailpoet_stack_on_mobile\" style=\"color:;background:;\"><div class=\"mailpoet_form_column\" style=\"flex-basis:40%;color:;;background:;;\"><div class=\"mailpoet_form_image\"><figure class=\"size-large\"><img decoding=\"async\" src=\"https:\/\/traildeer.com\/wp-content\/uploads\/2022\/03\/dick-honing-0geBqKGEfA-unsplash-360x800.jpg\" alt class=\"wp-image-996\" srcset=\"https:\/\/traildeer.com\/wp-content\/uploads\/2022\/03\/dick-honing-0geBqKGEfA-unsplash-360x800.jpg 360w, https:\/\/traildeer.com\/wp-content\/uploads\/2022\/03\/dick-honing-0geBqKGEfA-unsplash-180x400.jpg 180w, https:\/\/traildeer.com\/wp-content\/uploads\/2022\/03\/dick-honing-0geBqKGEfA-unsplash-768x1705.jpg 768w, https:\/\/traildeer.com\/wp-content\/uploads\/2022\/03\/dick-honing-0geBqKGEfA-unsplash-692x1536.jpg 692w, https:\/\/traildeer.com\/wp-content\/uploads\/2022\/03\/dick-honing-0geBqKGEfA-unsplash-922x2048.jpg 922w, https:\/\/traildeer.com\/wp-content\/uploads\/2022\/03\/dick-honing-0geBqKGEfA-unsplash-5x12.jpg 5w, https:\/\/traildeer.com\/wp-content\/uploads\/2022\/03\/dick-honing-0geBqKGEfA-unsplash-1320x2931.jpg 1320w, https:\/\/traildeer.com\/wp-content\/uploads\/2022\/03\/dick-honing-0geBqKGEfA-unsplash-510x1132.jpg 510w, https:\/\/traildeer.com\/wp-content\/uploads\/2022\/03\/dick-honing-0geBqKGEfA-unsplash-scaled.jpg 1153w\" width=\"244\" height=\"542\" style=\"width: 244px;height: 542px\"><\/figure><\/div>\n<\/div>\n<div class=\"mailpoet_form_column\" style=\"flex-basis:60%;color:;;background:;;\"><div class='mailpoet_spacer' style='height: 1px;'><\/div>\n<div class='mailpoet_spacer mailpoet_has_divider' style='height: 5px;'><div class='mailpoet_divider' data-automation-id='form_divider' style='border-top-style: solid;border-top-width: 4px;border-top-color: #fcb900;height: 4px;width: 20%'><\/div><\/div>\n<h2 class=\"mailpoet-heading  mailpoet-has-font-size\" style=\"text-align: center; font-size: 30px\"><span style=\"font-family: Fira Sans\" data-font=\"Fira Sans\" class=\"mailpoet-has-font\"><strong>Traildeer<\/strong><\/span> Novinky<\/h2>\n<p class=\"mailpoet_form_paragraph  mailpoet-has-font-size\" style=\"text-align: center; font-size: 16px\"><span style=\"font-family: Titillium Web\" data-font=\"Titillium Web\" class=\"mailpoet-has-font\">Dost\u00e1vaj najnov\u0161ie v\u00fdlety, last minute ponuky a trip reporty priamo do inboxu<\/span><\/p>\n<div class=\"mailpoet_paragraph\"><style>input[name=\"data[form_field_Y2FlN2UxMTA5MGMyX2VtYWls]\"]::placeholder{color:#707070;opacity: 1;}<\/style><label for=\"form_email_6\" class=\"mailpoet-screen-reader-text\" style=\"font-size: 15px;line-height: 18px&quot;;font-weight: bold;\"data-automation-id=\"form_email_label\" >Email <span class=\"mailpoet_required\">*<\/span><\/label><input type=\"email\" autocomplete=\"email\" class=\"mailpoet_text\" id=\"form_email_6\" name=\"data[form_field_Y2FlN2UxMTA5MGMyX2VtYWls]\" title=\"Email\" value=\"\" style=\"width:100%;background-color:#eeeeee;border-style:solid;border-radius:0px !important;border-width:0px;padding:10px;margin: 0 auto 0 0;font-family:&#039;Titillium Web&#039;;font-size:15px;line-height:1.5;height:auto;color:#707070;\" data-automation-id=\"form_email\"  placeholder=\"Email *\" data-parsley-required=\"true\" data-parsley-minlength=\"6\" data-parsley-maxlength=\"150\" data-parsley-type-message=\"This value should be a valid email.\" data-parsley-errors-container=\".mailpoet_error_email_\" data-parsley-required-message=\"This field is required.\" data-no-translation-data-parsley-type-message=\"\" data-no-translation-data-parsley-required-message=\"\"\/><\/div>\n<div class=\"mailpoet_recaptcha\" data-sitekey=\"6LfDd3QiAAAAAIlhCgXkZPmRxW9gI0sfaOTZ5loK\" data-size=\"invisible\">\n      <div class=\"mailpoet_recaptcha_container\"><\/div>\n      <noscript>\n        <div>\n          <div class=\"mailpoet_recaptcha_noscript_container\">\n            <div>\n              <iframe src=\"https:\/\/www.google.com\/recaptcha\/api\/fallback?k=6LfDd3QiAAAAAIlhCgXkZPmRxW9gI0sfaOTZ5loK\" frameborder=\"0\" scrolling=\"no\">\n              <\/iframe>\n            <\/div>\n          <\/div>\n          <div class=\"mailpoet_recaptcha_noscript_input\">\n            <textarea id=\"g-recaptcha-response\" name=\"data[recaptcha]\" class=\"g-recaptcha-response\">\n            <\/textarea>\n          <\/div>\n        <\/div>\n      <\/noscript>\n      <input class=\"mailpoet_recaptcha_field\" type=\"hidden\" name=\"recaptchaWidgetId\">\n    <\/div><div class=\"mailpoet_paragraph\"><input type=\"submit\" class=\"mailpoet_submit\" value=\"Prihl\u00e1si\u0165 na odber\" data-automation-id=\"subscribe-submit-button\" data-font-family='Fira Sans' style=\"width:100%;background-color:#fcb900;border-style:solid;border-radius:0px !important;border-width:0px;padding:10px;margin: 0 auto 0 0;font-family:&#039;Fira Sans&#039;;font-size:15px;line-height:1.5;height:auto;color:#ffffff;border-color:transparent;font-weight:bold;\" \/><span class=\"mailpoet_form_loading\"><span class=\"mailpoet_bounce1\"><\/span><span class=\"mailpoet_bounce2\"><\/span><span class=\"mailpoet_bounce3\"><\/span><\/span><\/div>\n<p class=\"mailpoet_form_paragraph  mailpoet-has-font-size\" style=\"text-align: center; color: #1e1e1e; font-size: 13px\"><span style=\"font-family: Titillium Web\" data-font=\"Titillium Web\" class=\"mailpoet-has-font\">Nespamujeme! Pre\u010d\u00edtaj si na\u0161u Ochranu S\u00fakromia.<\/span><\/p>\n<\/div>\n<\/div>\n\n      <div class=\"mailpoet_message\">\n        <p class=\"mailpoet_validate_success\"\n                style=\"display:none;\"\n                >V\u010faka za prihl\u00e1senie, skontroluj pros\u00edm tvoj inbox alebo spam a potvr\u010f tvoj email. \n        <\/p>\n        <p class=\"mailpoet_validate_error\"\n                style=\"display:none;\"\n                >        <\/p>\n      <\/div>\n    <\/form>\n  <\/div>","protected":false},"excerpt":{"rendered":"","protected":false},"author":1,"featured_media":0,"parent":0,"menu_order":0,"comment_status":"closed","ping_status":"closed","template":"","meta":{"_monsterinsights_skip_tracking":false,"_monsterinsights_sitenote_active":false,"_monsterinsights_sitenote_note":"","_monsterinsights_sitenote_category":0,"footnotes":""},"acf":[],"aioseo_notices":[],"_links":{"self":[{"href":"https:\/\/traildeer.com\/sk\/wp-json\/wp\/v2\/pages\/1018"}],"collection":[{"href":"https:\/\/traildeer.com\/sk\/wp-json\/wp\/v2\/pages"}],"about":[{"href":"https:\/\/traildeer.com\/sk\/wp-json\/wp\/v2\/types\/page"}],"author":[{"embeddable":true,"href":"https:\/\/traildeer.com\/sk\/wp-json\/wp\/v2\/users\/1"}],"replies":[{"embeddable":true,"href":"https:\/\/traildeer.com\/sk\/wp-json\/wp\/v2\/comments?post=1018"}],"version-history":[{"count":2,"href":"https:\/\/traildeer.com\/sk\/wp-json\/wp\/v2\/pages\/1018\/revisions"}],"predecessor-version":[{"id":2227,"href":"https:\/\/traildeer.com\/sk\/wp-json\/wp\/v2\/pages\/1018\/revisions\/2227"}],"wp:attachment":[{"href":"https:\/\/traildeer.com\/sk\/wp-json\/wp\/v2\/media?parent=1018"}],"curies":[{"name":"wp","href":"https:\/\/api.w.org\/{rel}","templated":true}]}}